{"id":2028,"date":"2023-12-07T17:40:51","date_gmt":"2023-12-07T17:40:51","guid":{"rendered":"https:\/\/2024en.heinrichschulte.de\/?page_id=2028"},"modified":"2024-12-01T14:02:41","modified_gmt":"2024-12-01T14:02:41","slug":"karriere","status":"publish","type":"page","link":"https:\/\/2024en.heinrichschulte.de\/?page_id=2028","title":{"rendered":"Karriere"},"content":{"rendered":"\t\t<div data-elementor-type=\"wp-page\" data-elementor-id=\"2028\" class=\"elementor elementor-2028\" data-elementor-post-type=\"page\">\n\t\t\t\t<div class=\"elementor-element elementor-element-8c0e4ac e-flex e-con-boxed e-con e-parent\" data-id=\"8c0e4ac\" data-element_type=\"container\" data-settings=\"{&quot;background_background&quot;:&quot;slideshow&quot;,&quot;jet_parallax_layout_list&quot;:[],&quot;background_slideshow_gallery&quot;:[{&quot;id&quot;:3322,&quot;url&quot;:&quot;https:\\\/\\\/2024en.heinrichschulte.de\\\/wp-content\\\/uploads\\\/grafiken\\\/grafiken-augen\\\/2024_augen_2500px.webp&quot;}],&quot;background_slideshow_loop&quot;:&quot;yes&quot;,&quot;background_slideshow_slide_duration&quot;:5000,&quot;background_slideshow_slide_transition&quot;:&quot;fade&quot;,&quot;background_slideshow_transition_duration&quot;:500}\">\n\t\t\t\t\t<div class=\"e-con-inner\">\n\t\t<div class=\"elementor-element elementor-element-f51190b e-con-full e-flex e-con e-child\" data-id=\"f51190b\" data-element_type=\"container\" data-settings=\"{&quot;jet_parallax_layout_list&quot;:[]}\">\n\t\t\t\t<div class=\"elementor-element elementor-element-b430859 elementor-invisible elementor-widget elementor-widget-heading\" data-id=\"b430859\" data-element_type=\"widget\" data-settings=\"{&quot;_animation&quot;:&quot;fadeInLeft&quot;}\" data-widget_type=\"heading.default\">\n\t\t\t\t<div class=\"elementor-widget-container\">\n\t\t\t\t\t<h4 class=\"elementor-heading-title elementor-size-default\">Your future with heinrichschulte<\/h4>\t\t\t\t<\/div>\n\t\t\t\t<\/div>\n\t\t\t\t<div class=\"elementor-element elementor-element-0921ca9 elementor-invisible elementor-widget elementor-widget-heading\" data-id=\"0921ca9\" data-element_type=\"widget\" data-settings=\"{&quot;_animation&quot;:&quot;fadeInLeft&quot;,&quot;_animation_delay&quot;:100}\" data-widget_type=\"heading.default\">\n\t\t\t\t<div class=\"elementor-widget-container\">\n\t\t\t\t\t<h2 class=\"elementor-heading-title elementor-size-default\">Welcome to the career page<\/h2>\t\t\t\t<\/div>\n\t\t\t\t<\/div>\n\t\t\t\t<\/div>\n\t\t\t\t\t<\/div>\n\t\t\t\t<\/div>\n\t\t<div class=\"elementor-element elementor-element-2035854 e-flex e-con-boxed e-con e-parent\" data-id=\"2035854\" data-element_type=\"container\" data-settings=\"{&quot;jet_parallax_layout_list&quot;:[]}\">\n\t\t\t\t\t<div class=\"e-con-inner\">\n\t\t<div class=\"elementor-element elementor-element-ee35b2a e-con-full e-flex elementor-invisible e-con e-child\" data-id=\"ee35b2a\" data-element_type=\"container\" data-settings=\"{&quot;jet_parallax_layout_list&quot;:[],&quot;animation&quot;:&quot;fadeInRight&quot;}\">\n\t\t\t\t<div class=\"elementor-element elementor-element-5507ed0 elementor-widget elementor-widget-heading\" data-id=\"5507ed0\" data-element_type=\"widget\" data-widget_type=\"heading.default\">\n\t\t\t\t<div class=\"elementor-widget-container\">\n\t\t\t\t\t<h2 class=\"elementor-heading-title elementor-size-default\">About us<\/h2>\t\t\t\t<\/div>\n\t\t\t\t<\/div>\n\t\t\t\t<div class=\"elementor-element elementor-element-d94d788 elementor-widget elementor-widget-text-editor\" data-id=\"d94d788\" data-element_type=\"widget\" data-widget_type=\"text-editor.default\">\n\t\t\t\t<div class=\"elementor-widget-container\">\n\t\t\t\t\t\t\t\t\t<p>We are a medium-sized industrial company based in Iserlohn. Our core competences are the production and distribution of high-quality mixers for modern bathrooms and kitchens, modern control elements for water quantity and temperature limitation, space-saving concealed installation boxes as well as modern bathroom equipment. We convince with the best workmanship, long-lasting quality and elegant design.<\/p><p>Just like our slogan &#8222;water in motion&#8220;, our company is also in constant motion and solid growth in order to continuously develop further and thus gain clear competitive advantages on the labour market.<\/p>\t\t\t\t\t\t\t\t<\/div>\n\t\t\t\t<\/div>\n\t\t\t\t<div class=\"elementor-element elementor-element-c326c3a elementor-widget elementor-widget-heading\" data-id=\"c326c3a\" data-element_type=\"widget\" data-widget_type=\"heading.default\">\n\t\t\t\t<div class=\"elementor-widget-container\">\n\t\t\t\t\t<h2 class=\"elementor-heading-title elementor-size-default\">Become a member of our team<\/h2>\t\t\t\t<\/div>\n\t\t\t\t<\/div>\n\t\t\t\t<div class=\"elementor-element elementor-element-5c428c7 elementor-widget elementor-widget-text-editor\" data-id=\"5c428c7\" data-element_type=\"widget\" data-widget_type=\"text-editor.default\">\n\t\t\t\t<div class=\"elementor-widget-container\">\n\t\t\t\t\t\t\t\t\t<p>Are you looking for a new professional challenge or your first entry into an exciting and promising industry? Then you have come to the right place!<\/p><p>From trainees to experienced specialists and managers: as an innovative and future-oriented company, we are always looking for committed and creative employees, because our employees are our capital!<\/p><p>They provide us with technical know-how and contribute to our operational development with creativity and commitment. In return, we offer you a long-term perspective, individual development and training opportunities and a pleasant working atmosphere based on mutual respect and trust.<\/p><p>heinrichschulte has set itself the goal of repeatedly setting new standards in the industry with its own product developments. In order to be able to launch developments effectively and quickly, we rely on flat hierarchies, open communication and an intensive exchange of ideas within the team.<\/p>\t\t\t\t\t\t\t\t<\/div>\n\t\t\t\t<\/div>\n\t\t\t\t<div class=\"elementor-element elementor-element-6b12ba2 elementor-widget elementor-widget-heading\" data-id=\"6b12ba2\" data-element_type=\"widget\" data-widget_type=\"heading.default\">\n\t\t\t\t<div class=\"elementor-widget-container\">\n\t\t\t\t\t<h2 class=\"elementor-heading-title elementor-size-default\">Would you like to be part of our team? Then apply now!<\/h2>\t\t\t\t<\/div>\n\t\t\t\t<\/div>\n\t\t\t\t<\/div>\n\t\t<div class=\"elementor-element elementor-element-cb5b2fc e-con-full e-flex elementor-invisible e-con e-child\" data-id=\"cb5b2fc\" data-element_type=\"container\" data-settings=\"{&quot;jet_parallax_layout_list&quot;:[],&quot;animation&quot;:&quot;fadeInLeft&quot;}\">\n\t\t\t\t<div class=\"elementor-element elementor-element-77c77b3 elementor-widget elementor-widget-heading\" data-id=\"77c77b3\" data-element_type=\"widget\" data-widget_type=\"heading.default\">\n\t\t\t\t<div class=\"elementor-widget-container\">\n\t\t\t\t\t<h2 class=\"elementor-heading-title elementor-size-default\">Contact<\/h2>\t\t\t\t<\/div>\n\t\t\t\t<\/div>\n\t\t\t\t<div class=\"elementor-element elementor-element-4155df8 elementor-widget elementor-widget-text-editor\" data-id=\"4155df8\" data-element_type=\"widget\" data-widget_type=\"text-editor.default\">\n\t\t\t\t<div class=\"elementor-widget-container\">\n\t\t\t\t\t\t\t\t\t<p>Heinrich Schulte GmbH &amp; Co.KG<\/p><p>Human Resources Department<\/p><p>Gr\u00fcnlandweg 11<br \/>58640 Iserlohn<\/p><p>Telefon: 02371 90 90 \u2013 0<br \/>Fax: 02371 90 90 \u2013 98<\/p><p>Email: gf@heinrichschulte.com<\/p>\t\t\t\t\t\t\t\t<\/div>\n\t\t\t\t<\/div>\n\t\t\t\t<\/div>\n\t\t\t\t\t<\/div>\n\t\t\t\t<\/div>\n\t\t<div class=\"elementor-element elementor-element-380d567 e-flex e-con-boxed e-con e-parent\" data-id=\"380d567\" data-element_type=\"container\" data-settings=\"{&quot;jet_parallax_layout_list&quot;:[]}\">\n\t\t\t\t\t<div class=\"e-con-inner\">\n\t\t<div class=\"elementor-element elementor-element-f595447 e-flex e-con-boxed elementor-invisible e-con e-child\" data-id=\"f595447\" data-element_type=\"container\" data-settings=\"{&quot;jet_parallax_layout_list&quot;:[],&quot;animation&quot;:&quot;fadeInLeft&quot;}\">\n\t\t\t\t\t<div class=\"e-con-inner\">\n\t\t\t\t<div class=\"elementor-element elementor-element-b8d5047 elementor-widget elementor-widget-image\" data-id=\"b8d5047\" data-element_type=\"widget\" data-widget_type=\"image.default\">\n\t\t\t\t<div class=\"elementor-widget-container\">\n\t\t\t\t\t\t\t\t\t\t\t\t\t\t\t\t<a href=\"https:\/\/2024en.heinrichschulte.de\/?page_id=11767\">\n\t\t\t\t\t\t\t<img fetchpriority=\"high\" decoding=\"async\" width=\"800\" height=\"486\" src=\"https:\/\/2024en.heinrichschulte.de\/wp-content\/uploads\/bilder\/bilder-uebersicht\/2024_berufserfahrene-1024x622.webp\" class=\"attachment-large size-large wp-image-11750\" alt=\"\" srcset=\"https:\/\/2024en.heinrichschulte.de\/wp-content\/uploads\/bilder\/bilder-uebersicht\/2024_berufserfahrene-1024x622.webp 1024w, https:\/\/2024en.heinrichschulte.de\/wp-content\/uploads\/bilder\/bilder-uebersicht\/2024_berufserfahrene-300x182.webp 300w, https:\/\/2024en.heinrichschulte.de\/wp-content\/uploads\/bilder\/bilder-uebersicht\/2024_berufserfahrene-768x467.webp 768w, https:\/\/2024en.heinrichschulte.de\/wp-content\/uploads\/bilder\/bilder-uebersicht\/2024_berufserfahrene-600x365.webp 600w, https:\/\/2024en.heinrichschulte.de\/wp-content\/uploads\/bilder\/bilder-uebersicht\/2024_berufserfahrene.webp 1300w\" sizes=\"(max-width: 800px) 100vw, 800px\" \/>\t\t\t\t\t\t\t\t<\/a>\n\t\t\t\t\t\t\t\t\t\t\t\t\t\t\t<\/div>\n\t\t\t\t<\/div>\n\t\t\t\t<div class=\"elementor-element elementor-element-4174ee5 elementor-widget elementor-widget-jet-button\" data-id=\"4174ee5\" data-element_type=\"widget\" data-widget_type=\"jet-button.default\">\n\t\t\t\t<div class=\"elementor-widget-container\">\n\t\t\t\t\t<div class=\"elementor-jet-button jet-elements\"><div class=\"jet-button__container\">\n\t<a class=\"jet-button__instance jet-button__instance--icon-left hover-effect-0\" href=\"https:\/\/2024en.heinrichschulte.de\/?page_id=11767\">\n\t\t<div class=\"jet-button__plane jet-button__plane-normal\"><\/div>\n\t\t<div class=\"jet-button__plane jet-button__plane-hover\"><\/div>\n\t\t<div class=\"jet-button__state jet-button__state-normal\">\n\t\t\t<span class=\"jet-button__icon jet-elements-icon\"><svg aria-hidden=\"true\" class=\"e-font-icon-svg e-fas-angle-double-right\" viewBox=\"0 0 448 512\" xmlns=\"http:\/\/www.w3.org\/2000\/svg\"><path d=\"M224.3 273l-136 136c-9.4 9.4-24.6 9.4-33.9 0l-22.6-22.6c-9.4-9.4-9.4-24.6 0-33.9l96.4-96.4-96.4-96.4c-9.4-9.4-9.4-24.6 0-33.9L54.3 103c9.4-9.4 24.6-9.4 33.9 0l136 136c9.5 9.4 9.5 24.6.1 34zm192-34l-136-136c-9.4-9.4-24.6-9.4-33.9 0l-22.6 22.6c-9.4 9.4-9.4 24.6 0 33.9l96.4 96.4-96.4 96.4c-9.4 9.4-9.4 24.6 0 33.9l22.6 22.6c9.4 9.4 24.6 9.4 33.9 0l136-136c9.4-9.2 9.4-24.4 0-33.8z\"><\/path><\/svg><\/span><span class=\"jet-button__label\">Experienced professionals<\/span>\t\t<\/div>\n\t\t<div class=\"jet-button__state jet-button__state-hover\">\n\t\t\t<span class=\"jet-button__icon jet-elements-icon\"><svg aria-hidden=\"true\" class=\"e-font-icon-svg e-fas-angle-double-right\" viewBox=\"0 0 448 512\" xmlns=\"http:\/\/www.w3.org\/2000\/svg\"><path d=\"M224.3 273l-136 136c-9.4 9.4-24.6 9.4-33.9 0l-22.6-22.6c-9.4-9.4-9.4-24.6 0-33.9l96.4-96.4-96.4-96.4c-9.4-9.4-9.4-24.6 0-33.9L54.3 103c9.4-9.4 24.6-9.4 33.9 0l136 136c9.5 9.4 9.5 24.6.1 34zm192-34l-136-136c-9.4-9.4-24.6-9.4-33.9 0l-22.6 22.6c-9.4 9.4-9.4 24.6 0 33.9l96.4 96.4-96.4 96.4c-9.4 9.4-9.4 24.6 0 33.9l22.6 22.6c9.4 9.4 24.6 9.4 33.9 0l136-136c9.4-9.2 9.4-24.4 0-33.8z\"><\/path><\/svg><\/span><span class=\"jet-button__label\">Berufserfahrene<\/span>\t\t<\/div>\n\t<\/a>\n<\/div>\n<\/div>\t\t\t\t<\/div>\n\t\t\t\t<\/div>\n\t\t\t\t\t<\/div>\n\t\t\t\t<\/div>\n\t\t<div class=\"elementor-element elementor-element-e36ea13 e-flex e-con-boxed elementor-invisible e-con e-child\" data-id=\"e36ea13\" data-element_type=\"container\" data-settings=\"{&quot;jet_parallax_layout_list&quot;:[],&quot;animation&quot;:&quot;fadeInRight&quot;}\">\n\t\t\t\t\t<div class=\"e-con-inner\">\n\t\t\t\t<div class=\"elementor-element elementor-element-2a636bf elementor-widget elementor-widget-image\" data-id=\"2a636bf\" data-element_type=\"widget\" data-widget_type=\"image.default\">\n\t\t\t\t<div class=\"elementor-widget-container\">\n\t\t\t\t\t\t\t\t\t\t\t\t\t\t\t\t<a href=\"https:\/\/2024en.heinrichschulte.de\/?page_id=11789\">\n\t\t\t\t\t\t\t<img decoding=\"async\" width=\"800\" height=\"486\" src=\"https:\/\/2024en.heinrichschulte.de\/wp-content\/uploads\/bilder\/bilder-uebersicht\/2024_azubis_allgemein-1024x622.webp\" class=\"attachment-large size-large wp-image-11749\" alt=\"\" srcset=\"https:\/\/2024en.heinrichschulte.de\/wp-content\/uploads\/bilder\/bilder-uebersicht\/2024_azubis_allgemein-1024x622.webp 1024w, https:\/\/2024en.heinrichschulte.de\/wp-content\/uploads\/bilder\/bilder-uebersicht\/2024_azubis_allgemein-300x182.webp 300w, https:\/\/2024en.heinrichschulte.de\/wp-content\/uploads\/bilder\/bilder-uebersicht\/2024_azubis_allgemein-768x466.webp 768w, https:\/\/2024en.heinrichschulte.de\/wp-content\/uploads\/bilder\/bilder-uebersicht\/2024_azubis_allgemein-600x364.webp 600w, https:\/\/2024en.heinrichschulte.de\/wp-content\/uploads\/bilder\/bilder-uebersicht\/2024_azubis_allgemein.webp 1400w\" sizes=\"(max-width: 800px) 100vw, 800px\" \/>\t\t\t\t\t\t\t\t<\/a>\n\t\t\t\t\t\t\t\t\t\t\t\t\t\t\t<\/div>\n\t\t\t\t<\/div>\n\t\t\t\t<div class=\"elementor-element elementor-element-4c1ae58 elementor-widget elementor-widget-jet-button\" data-id=\"4c1ae58\" data-element_type=\"widget\" data-widget_type=\"jet-button.default\">\n\t\t\t\t<div class=\"elementor-widget-container\">\n\t\t\t\t\t<div class=\"elementor-jet-button jet-elements\"><div class=\"jet-button__container\">\n\t<a class=\"jet-button__instance jet-button__instance--icon-left hover-effect-0\" href=\"https:\/\/2024en.heinrichschulte.de\/?page_id=11789\">\n\t\t<div class=\"jet-button__plane jet-button__plane-normal\"><\/div>\n\t\t<div class=\"jet-button__plane jet-button__plane-hover\"><\/div>\n\t\t<div class=\"jet-button__state jet-button__state-normal\">\n\t\t\t<span class=\"jet-button__icon jet-elements-icon\"><svg aria-hidden=\"true\" class=\"e-font-icon-svg e-fas-angle-double-right\" viewBox=\"0 0 448 512\" xmlns=\"http:\/\/www.w3.org\/2000\/svg\"><path d=\"M224.3 273l-136 136c-9.4 9.4-24.6 9.4-33.9 0l-22.6-22.6c-9.4-9.4-9.4-24.6 0-33.9l96.4-96.4-96.4-96.4c-9.4-9.4-9.4-24.6 0-33.9L54.3 103c9.4-9.4 24.6-9.4 33.9 0l136 136c9.5 9.4 9.5 24.6.1 34zm192-34l-136-136c-9.4-9.4-24.6-9.4-33.9 0l-22.6 22.6c-9.4 9.4-9.4 24.6 0 33.9l96.4 96.4-96.4 96.4c-9.4 9.4-9.4 24.6 0 33.9l22.6 22.6c9.4 9.4 24.6 9.4 33.9 0l136-136c9.4-9.2 9.4-24.4 0-33.8z\"><\/path><\/svg><\/span><span class=\"jet-button__label\">Career starters<\/span>\t\t<\/div>\n\t\t<div class=\"jet-button__state jet-button__state-hover\">\n\t\t\t<span class=\"jet-button__icon jet-elements-icon\"><svg aria-hidden=\"true\" class=\"e-font-icon-svg e-fas-angle-double-right\" viewBox=\"0 0 448 512\" xmlns=\"http:\/\/www.w3.org\/2000\/svg\"><path d=\"M224.3 273l-136 136c-9.4 9.4-24.6 9.4-33.9 0l-22.6-22.6c-9.4-9.4-9.4-24.6 0-33.9l96.4-96.4-96.4-96.4c-9.4-9.4-9.4-24.6 0-33.9L54.3 103c9.4-9.4 24.6-9.4 33.9 0l136 136c9.5 9.4 9.5 24.6.1 34zm192-34l-136-136c-9.4-9.4-24.6-9.4-33.9 0l-22.6 22.6c-9.4 9.4-9.4 24.6 0 33.9l96.4 96.4-96.4 96.4c-9.4 9.4-9.4 24.6 0 33.9l22.6 22.6c9.4 9.4 24.6 9.4 33.9 0l136-136c9.4-9.2 9.4-24.4 0-33.8z\"><\/path><\/svg><\/span><span class=\"jet-button__label\">Berufseinsteiger<\/span>\t\t<\/div>\n\t<\/a>\n<\/div>\n<\/div>\t\t\t\t<\/div>\n\t\t\t\t<\/div>\n\t\t\t\t\t<\/div>\n\t\t\t\t<\/div>\n\t\t\t\t\t<\/div>\n\t\t\t\t<\/div>\n\t\t\t\t<\/div>\n\t\t","protected":false},"excerpt":{"rendered":"<p>Wir sind ein mittelst\u00e4ndisches Industrieunternehmen mit Sitz in Iserlohn. Unsere Kernkompetenzen liegen in der Fertigung und dem Vertrieb von hochwertigen Armaturen f\u00fcr moderne B\u00e4der und K\u00fcchen<\/p>\n","protected":false},"author":1,"featured_media":0,"parent":0,"menu_order":0,"comment_status":"closed","ping_status":"closed","template":"","meta":{"footnotes":""},"class_list":["post-2028","page","type-page","status-publish","hentry"],"aioseo_notices":[],"_links":{"self":[{"href":"https:\/\/2024en.heinrichschulte.de\/index.php?rest_route=\/wp\/v2\/pages\/2028","targetHints":{"allow":["GET"]}}],"collection":[{"href":"https:\/\/2024en.heinrichschulte.de\/index.php?rest_route=\/wp\/v2\/pages"}],"about":[{"href":"https:\/\/2024en.heinrichschulte.de\/index.php?rest_route=\/wp\/v2\/types\/page"}],"author":[{"embeddable":true,"href":"https:\/\/2024en.heinrichschulte.de\/index.php?rest_route=\/wp\/v2\/users\/1"}],"replies":[{"embeddable":true,"href":"https:\/\/2024en.heinrichschulte.de\/index.php?rest_route=%2Fwp%2Fv2%2Fcomments&post=2028"}],"version-history":[{"count":32,"href":"https:\/\/2024en.heinrichschulte.de\/index.php?rest_route=\/wp\/v2\/pages\/2028\/revisions"}],"predecessor-version":[{"id":19418,"href":"https:\/\/2024en.heinrichschulte.de\/index.php?rest_route=\/wp\/v2\/pages\/2028\/revisions\/19418"}],"wp:attachment":[{"href":"https:\/\/2024en.heinrichschulte.de\/index.php?rest_route=%2Fwp%2Fv2%2Fmedia&parent=2028"}],"curies":[{"name":"wp","href":"https:\/\/api.w.org\/{rel}","templated":true}]}}