{"id":12751,"date":"2024-09-26T18:48:22","date_gmt":"2024-09-26T18:48:22","guid":{"rendered":"https:\/\/2024en.heinrichschulte.de\/?page_id=12751"},"modified":"2024-09-26T18:54:58","modified_gmt":"2024-09-26T18:54:58","slug":"aktuelles-news","status":"publish","type":"page","link":"https:\/\/2024en.heinrichschulte.de\/?page_id=12751","title":{"rendered":"Aktuelles \/ News"},"content":{"rendered":"\t\t<div data-elementor-type=\"wp-page\" data-elementor-id=\"12751\" class=\"elementor elementor-12751\" data-elementor-post-type=\"page\">\n\t\t\t\t<div class=\"elementor-element elementor-element-6d9908d e-flex e-con-boxed e-con e-parent\" data-id=\"6d9908d\" data-element_type=\"container\" data-settings=\"{&quot;jet_parallax_layout_list&quot;:[]}\">\n\t\t\t\t\t<div class=\"e-con-inner\">\n\t\t\t\t<div class=\"elementor-element elementor-element-fa96f64 elementor-widget-divider--view-line_text elementor-widget-divider--element-align-left elementor-widget elementor-widget-divider\" data-id=\"fa96f64\" data-element_type=\"widget\" data-widget_type=\"divider.default\">\n\t\t\t\t<div class=\"elementor-widget-container\">\n\t\t\t\t\t\t\t<div class=\"elementor-divider\">\n\t\t\t<span class=\"elementor-divider-separator\">\n\t\t\t\t\t\t\t<span class=\"elementor-divider__text elementor-divider__element\">\n\t\t\t\tAktuelles\t\t\t\t<\/span>\n\t\t\t\t\t\t<\/span>\n\t\t<\/div>\n\t\t\t\t\t\t<\/div>\n\t\t\t\t<\/div>\n\t\t\t\t<div class=\"elementor-element elementor-element-e3b22b8 elementor-grid-3 elementor-grid-tablet-2 elementor-grid-mobile-1 elementor-posts--thumbnail-top elementor-card-shadow-yes elementor-posts__hover-gradient elementor-widget elementor-widget-posts\" data-id=\"e3b22b8\" data-element_type=\"widget\" data-settings=\"{&quot;cards_columns&quot;:&quot;3&quot;,&quot;cards_columns_tablet&quot;:&quot;2&quot;,&quot;cards_columns_mobile&quot;:&quot;1&quot;,&quot;cards_row_gap&quot;:{&quot;unit&quot;:&quot;px&quot;,&quot;size&quot;:35,&quot;sizes&quot;:[]},&quot;cards_row_gap_tablet&quot;:{&quot;unit&quot;:&quot;px&quot;,&quot;size&quot;:&quot;&quot;,&quot;sizes&quot;:[]},&quot;cards_row_gap_mobile&quot;:{&quot;unit&quot;:&quot;px&quot;,&quot;size&quot;:&quot;&quot;,&quot;sizes&quot;:[]}}\" data-widget_type=\"posts.cards\">\n\t\t\t\t<div class=\"elementor-widget-container\">\n\t\t\t\t\t\t\t<div class=\"elementor-posts-container elementor-posts elementor-posts--skin-cards elementor-grid\">\n\t\t\t\t<article class=\"elementor-post elementor-grid-item post-12743 post type-post status-publish format-standard has-post-thumbnail hentry category-aktuelles\">\n\t\t\t<div class=\"elementor-post__card\">\n\t\t\t\t<a class=\"elementor-post__thumbnail__link\" href=\"https:\/\/2024en.heinrichschulte.de\/?p=12743\" tabindex=\"-1\" ><div class=\"elementor-post__thumbnail\"><img fetchpriority=\"high\" decoding=\"async\" width=\"300\" height=\"193\" src=\"https:\/\/2024en.heinrichschulte.de\/wp-content\/uploads\/bilder\/bilder-aktuelles\/2024_messe_ifh-300x193.webp\" class=\"attachment-medium size-medium wp-image-12692\" alt=\"\" srcset=\"https:\/\/2024en.heinrichschulte.de\/wp-content\/uploads\/bilder\/bilder-aktuelles\/2024_messe_ifh-300x193.webp 300w, https:\/\/2024en.heinrichschulte.de\/wp-content\/uploads\/bilder\/bilder-aktuelles\/2024_messe_ifh-1024x658.webp 1024w, https:\/\/2024en.heinrichschulte.de\/wp-content\/uploads\/bilder\/bilder-aktuelles\/2024_messe_ifh-768x494.webp 768w, https:\/\/2024en.heinrichschulte.de\/wp-content\/uploads\/bilder\/bilder-aktuelles\/2024_messe_ifh-600x386.webp 600w, https:\/\/2024en.heinrichschulte.de\/wp-content\/uploads\/bilder\/bilder-aktuelles\/2024_messe_ifh.webp 1400w\" sizes=\"(max-width: 300px) 100vw, 300px\" \/><\/div><\/a>\n\t\t\t\t<div class=\"elementor-post__badge\">Aktuelles<\/div>\n\t\t\t\t<div class=\"elementor-post__text\">\n\t\t\t\t<h3 class=\"elementor-post__title\">\n\t\t\t<a href=\"https:\/\/2024en.heinrichschulte.de\/?p=12743\" >\n\t\t\t\tIFH 2024: Informativer Treffpunkt der SHK-Branche\t\t\t<\/a>\n\t\t<\/h3>\n\t\t\t\t<div class=\"elementor-post__excerpt\">\n\t\t\t<p>Die IFH, Fachmesse f\u00fcr Sanit\u00e4r, Heizung, Klima und Erneuerbare Energien, zieht nach vier Tagen wieder einmal eine sehr positive Bilanz. 414 Aussteller aus 17 L\u00e4ndern trafen sich im Messezentrum in N\u00fcrnberg mit Kollegen und Marktpartnern zum ausgiebigen Austausch. Mit insgesamt<\/p>\n\t\t<\/div>\n\t\t\n\t\t<a class=\"elementor-post__read-more\" href=\"https:\/\/2024en.heinrichschulte.de\/?p=12743\" aria-label=\"Mehr \u00fcber IFH 2024: Informativer Treffpunkt der SHK-Branche\" tabindex=\"-1\" >\n\t\t\tWeiterlesen \u00bb\t\t<\/a>\n\n\t\t\t\t<\/div>\n\t\t\t\t<div class=\"elementor-post__meta-data\">\n\t\t\t\t\t<span class=\"elementor-post-date\">\n\t\t\t26. Mai 2024\t\t<\/span>\n\t\t\t\t<\/div>\n\t\t\t\t\t<\/div>\n\t\t<\/article>\n\t\t\t\t<article class=\"elementor-post elementor-grid-item post-12735 post type-post status-publish format-standard has-post-thumbnail hentry category-aktuelles\">\n\t\t\t<div class=\"elementor-post__card\">\n\t\t\t\t<a class=\"elementor-post__thumbnail__link\" href=\"https:\/\/2024en.heinrichschulte.de\/?p=12735\" tabindex=\"-1\" ><div class=\"elementor-post__thumbnail\"><img decoding=\"async\" width=\"300\" height=\"193\" src=\"https:\/\/2024en.heinrichschulte.de\/wp-content\/uploads\/bilder\/bilder-aktuelles\/2024_aktuelles_sortiment-300x193.webp\" class=\"attachment-medium size-medium wp-image-12693\" alt=\"\" srcset=\"https:\/\/2024en.heinrichschulte.de\/wp-content\/uploads\/bilder\/bilder-aktuelles\/2024_aktuelles_sortiment-300x193.webp 300w, https:\/\/2024en.heinrichschulte.de\/wp-content\/uploads\/bilder\/bilder-aktuelles\/2024_aktuelles_sortiment-1024x658.webp 1024w, https:\/\/2024en.heinrichschulte.de\/wp-content\/uploads\/bilder\/bilder-aktuelles\/2024_aktuelles_sortiment-768x494.webp 768w, https:\/\/2024en.heinrichschulte.de\/wp-content\/uploads\/bilder\/bilder-aktuelles\/2024_aktuelles_sortiment-600x386.webp 600w, https:\/\/2024en.heinrichschulte.de\/wp-content\/uploads\/bilder\/bilder-aktuelles\/2024_aktuelles_sortiment.webp 1400w\" sizes=\"(max-width: 300px) 100vw, 300px\" \/><\/div><\/a>\n\t\t\t\t<div class=\"elementor-post__badge\">Aktuelles<\/div>\n\t\t\t\t<div class=\"elementor-post__text\">\n\t\t\t\t<h3 class=\"elementor-post__title\">\n\t\t\t<a href=\"https:\/\/2024en.heinrichschulte.de\/?p=12735\" >\n\t\t\t\tNeue Produkte- Programmerweiterung bei heinrichschulte\t\t\t<\/a>\n\t\t<\/h3>\n\t\t\t\t<div class=\"elementor-post__excerpt\">\n\t\t\t<p>Die Unternehmensgruppe kann vermelden, einen wichtigen Produktionsbaustein erworben zu haben. Sie konnte von der Firma \u201eDelvac\u201c die Produktpalette Handbrausen, Brausesets, Kopfbrausen inkl. der Fertigungsmittel Werkzeuge \u00fcbernehmen. F\u00fcr das Unternehmen ist es von besonderer Bedeutung, hiermit die Fertigung in Deutschland weiter<\/p>\n\t\t<\/div>\n\t\t\n\t\t<a class=\"elementor-post__read-more\" href=\"https:\/\/2024en.heinrichschulte.de\/?p=12735\" aria-label=\"Mehr \u00fcber Neue Produkte- Programmerweiterung bei heinrichschulte\" tabindex=\"-1\" >\n\t\t\tWeiterlesen \u00bb\t\t<\/a>\n\n\t\t\t\t<\/div>\n\t\t\t\t<div class=\"elementor-post__meta-data\">\n\t\t\t\t\t<span class=\"elementor-post-date\">\n\t\t\t22. Oktober 2023\t\t<\/span>\n\t\t\t\t<\/div>\n\t\t\t\t\t<\/div>\n\t\t<\/article>\n\t\t\t\t<article class=\"elementor-post elementor-grid-item post-12730 post type-post status-publish format-standard has-post-thumbnail hentry category-messe\">\n\t\t\t<div class=\"elementor-post__card\">\n\t\t\t\t<a class=\"elementor-post__thumbnail__link\" href=\"https:\/\/2024en.heinrichschulte.de\/?p=12730\" tabindex=\"-1\" ><div class=\"elementor-post__thumbnail\"><img decoding=\"async\" width=\"300\" height=\"194\" src=\"https:\/\/2024en.heinrichschulte.de\/wp-content\/uploads\/bilder\/bilder-aktuelles\/2023_ish_hs-titelbild-300x194.jpg\" class=\"attachment-medium size-medium wp-image-12685\" alt=\"\" srcset=\"https:\/\/2024en.heinrichschulte.de\/wp-content\/uploads\/bilder\/bilder-aktuelles\/2023_ish_hs-titelbild-300x194.jpg 300w, https:\/\/2024en.heinrichschulte.de\/wp-content\/uploads\/bilder\/bilder-aktuelles\/2023_ish_hs-titelbild-1024x660.jpg 1024w, https:\/\/2024en.heinrichschulte.de\/wp-content\/uploads\/bilder\/bilder-aktuelles\/2023_ish_hs-titelbild-768x495.jpg 768w, https:\/\/2024en.heinrichschulte.de\/wp-content\/uploads\/bilder\/bilder-aktuelles\/2023_ish_hs-titelbild-600x387.jpg 600w, https:\/\/2024en.heinrichschulte.de\/wp-content\/uploads\/bilder\/bilder-aktuelles\/2023_ish_hs-titelbild.jpg 1355w\" sizes=\"(max-width: 300px) 100vw, 300px\" \/><\/div><\/a>\n\t\t\t\t<div class=\"elementor-post__badge\">Messe<\/div>\n\t\t\t\t<div class=\"elementor-post__text\">\n\t\t\t\t<h3 class=\"elementor-post__title\">\n\t\t\t<a href=\"https:\/\/2024en.heinrichschulte.de\/?p=12730\" >\n\t\t\t\tISH 2023: Die Welt zu Besuch in Frankfurt\t\t\t<\/a>\n\t\t<\/h3>\n\t\t\t\t<div class=\"elementor-post__excerpt\">\n\t\t\t<p>Die ISH, Weltleitmesse der Sanit\u00e4r-, Heizungs- und Klimatechnikbranche feierte nach vier Jahren pandemiebedingter Pause einen eindrucksvollen Neustart. Heinrich Schulte konnte auch in diesem Jahr wieder sehr hohe Besucherzahlen aus dem In- und Ausland verzeichnen. Die Kunden informierten sich vor allem<\/p>\n\t\t<\/div>\n\t\t\n\t\t<a class=\"elementor-post__read-more\" href=\"https:\/\/2024en.heinrichschulte.de\/?p=12730\" aria-label=\"Mehr \u00fcber ISH 2023: Die Welt zu Besuch in Frankfurt\" tabindex=\"-1\" >\n\t\t\tWeiterlesen \u00bb\t\t<\/a>\n\n\t\t\t\t<\/div>\n\t\t\t\t<div class=\"elementor-post__meta-data\">\n\t\t\t\t\t<span class=\"elementor-post-date\">\n\t\t\t7. April 2023\t\t<\/span>\n\t\t\t\t<\/div>\n\t\t\t\t\t<\/div>\n\t\t<\/article>\n\t\t\t\t<article class=\"elementor-post elementor-grid-item post-12724 post type-post status-publish format-standard has-post-thumbnail hentry category-messe\">\n\t\t\t<div class=\"elementor-post__card\">\n\t\t\t\t<a class=\"elementor-post__thumbnail__link\" href=\"https:\/\/2024en.heinrichschulte.de\/?p=12724\" tabindex=\"-1\" ><div class=\"elementor-post__thumbnail\"><img loading=\"lazy\" decoding=\"async\" width=\"300\" height=\"194\" src=\"https:\/\/2024en.heinrichschulte.de\/wp-content\/uploads\/bilder\/bilder-aktuelles\/2022_messe_2-300x194.jpg\" class=\"attachment-medium size-medium wp-image-12675\" alt=\"\" srcset=\"https:\/\/2024en.heinrichschulte.de\/wp-content\/uploads\/bilder\/bilder-aktuelles\/2022_messe_2-300x194.jpg 300w, https:\/\/2024en.heinrichschulte.de\/wp-content\/uploads\/bilder\/bilder-aktuelles\/2022_messe_2-1024x660.jpg 1024w, https:\/\/2024en.heinrichschulte.de\/wp-content\/uploads\/bilder\/bilder-aktuelles\/2022_messe_2-768x495.jpg 768w, https:\/\/2024en.heinrichschulte.de\/wp-content\/uploads\/bilder\/bilder-aktuelles\/2022_messe_2-600x387.jpg 600w, https:\/\/2024en.heinrichschulte.de\/wp-content\/uploads\/bilder\/bilder-aktuelles\/2022_messe_2.jpg 1355w\" sizes=\"(max-width: 300px) 100vw, 300px\" \/><\/div><\/a>\n\t\t\t\t<div class=\"elementor-post__badge\">Messe<\/div>\n\t\t\t\t<div class=\"elementor-post__text\">\n\t\t\t\t<h3 class=\"elementor-post__title\">\n\t\t\t<a href=\"https:\/\/2024en.heinrichschulte.de\/?p=12724\" >\n\t\t\t\tIFH 2022: Erfolgreicher Neustart nach Pandemie\t\t\t<\/a>\n\t\t<\/h3>\n\t\t\t\t<div class=\"elementor-post__excerpt\">\n\t\t\t<p>Die IFH, Fachmesse f\u00fcr Sanit\u00e4r, Heizung, Klima und Erneuerbare Energien, zieht nach vier Tagen eine sehr positive Bilanz. 341 Aussteller konnten in N\u00fcrnberg nach der pandemiebedingten Pause endlich wieder ihre Produkte pr\u00e4sentieren und mit den Besuchern intensive Gespr\u00e4che auf Augenh\u00f6he<\/p>\n\t\t<\/div>\n\t\t\n\t\t<a class=\"elementor-post__read-more\" href=\"https:\/\/2024en.heinrichschulte.de\/?p=12724\" aria-label=\"Mehr \u00fcber IFH 2022: Erfolgreicher Neustart nach Pandemie\" tabindex=\"-1\" >\n\t\t\tWeiterlesen \u00bb\t\t<\/a>\n\n\t\t\t\t<\/div>\n\t\t\t\t<div class=\"elementor-post__meta-data\">\n\t\t\t\t\t<span class=\"elementor-post-date\">\n\t\t\t2. Mai 2022\t\t<\/span>\n\t\t\t\t<\/div>\n\t\t\t\t\t<\/div>\n\t\t<\/article>\n\t\t\t\t<article class=\"elementor-post elementor-grid-item post-12694 post type-post status-publish format-standard has-post-thumbnail hentry category-messe\">\n\t\t\t<div class=\"elementor-post__card\">\n\t\t\t\t<a class=\"elementor-post__thumbnail__link\" href=\"https:\/\/2024en.heinrichschulte.de\/?p=12694\" tabindex=\"-1\" ><div class=\"elementor-post__thumbnail\"><img loading=\"lazy\" decoding=\"async\" width=\"300\" height=\"182\" src=\"https:\/\/2024en.heinrichschulte.de\/wp-content\/uploads\/bilder\/bilder-aktuelles\/2022_messe_hs_ifh-300x182.jpg\" class=\"attachment-medium size-medium wp-image-12695\" alt=\"\" srcset=\"https:\/\/2024en.heinrichschulte.de\/wp-content\/uploads\/bilder\/bilder-aktuelles\/2022_messe_hs_ifh-300x182.jpg 300w, https:\/\/2024en.heinrichschulte.de\/wp-content\/uploads\/bilder\/bilder-aktuelles\/2022_messe_hs_ifh-1024x622.jpg 1024w, https:\/\/2024en.heinrichschulte.de\/wp-content\/uploads\/bilder\/bilder-aktuelles\/2022_messe_hs_ifh-768x466.jpg 768w, https:\/\/2024en.heinrichschulte.de\/wp-content\/uploads\/bilder\/bilder-aktuelles\/2022_messe_hs_ifh-600x364.jpg 600w, https:\/\/2024en.heinrichschulte.de\/wp-content\/uploads\/bilder\/bilder-aktuelles\/2022_messe_hs_ifh.jpg 1400w\" sizes=\"(max-width: 300px) 100vw, 300px\" \/><\/div><\/a>\n\t\t\t\t<div class=\"elementor-post__badge\">Messe<\/div>\n\t\t\t\t<div class=\"elementor-post__text\">\n\t\t\t\t<h3 class=\"elementor-post__title\">\n\t\t\t<a href=\"https:\/\/2024en.heinrichschulte.de\/?p=12694\" >\n\t\t\t\tIFH\/Intherm 2022 in N\u00fcrnberg\t\t\t<\/a>\n\t\t<\/h3>\n\t\t\t\t<div class=\"elementor-post__excerpt\">\n\t\t\t<p>Raus aus der eigenen Informationsblase und wieder Kollegen und Gesch\u00e4ftspartner treffen, Produkte und Branchentrends live erleben und das eigene Wissen auf den neuesten Stand bringen: Nach langer, pandemiebedingter Pause ist dies auf der IFH\/Intherm in N\u00fcrnberg wieder m\u00f6glich. Vom\u00a026. \u2013<\/p>\n\t\t<\/div>\n\t\t\n\t\t<a class=\"elementor-post__read-more\" href=\"https:\/\/2024en.heinrichschulte.de\/?p=12694\" aria-label=\"Mehr \u00fcber IFH\/Intherm 2022 in N\u00fcrnberg\" tabindex=\"-1\" >\n\t\t\tWeiterlesen \u00bb\t\t<\/a>\n\n\t\t\t\t<\/div>\n\t\t\t\t<div class=\"elementor-post__meta-data\">\n\t\t\t\t\t<span class=\"elementor-post-date\">\n\t\t\t22. April 2022\t\t<\/span>\n\t\t\t\t<\/div>\n\t\t\t\t\t<\/div>\n\t\t<\/article>\n\t\t\t\t<\/div>\n\t\t\n\t\t\t\t\t\t<\/div>\n\t\t\t\t<\/div>\n\t\t\t\t\t<\/div>\n\t\t\t\t<\/div>\n\t\t\t\t<\/div>\n\t\t","protected":false},"excerpt":{"rendered":"<p>Aktuelles<\/p>\n","protected":false},"author":1,"featured_media":0,"parent":0,"menu_order":0,"comment_status":"closed","ping_status":"closed","template":"","meta":{"footnotes":""},"class_list":["post-12751","page","type-page","status-publish","hentry"],"aioseo_notices":[],"_links":{"self":[{"href":"https:\/\/2024en.heinrichschulte.de\/index.php?rest_route=\/wp\/v2\/pages\/12751","targetHints":{"allow":["GET"]}}],"collection":[{"href":"https:\/\/2024en.heinrichschulte.de\/index.php?rest_route=\/wp\/v2\/pages"}],"about":[{"href":"https:\/\/2024en.heinrichschulte.de\/index.php?rest_route=\/wp\/v2\/types\/page"}],"author":[{"embeddable":true,"href":"https:\/\/2024en.heinrichschulte.de\/index.php?rest_route=\/wp\/v2\/users\/1"}],"replies":[{"embeddable":true,"href":"https:\/\/2024en.heinrichschulte.de\/index.php?rest_route=%2Fwp%2Fv2%2Fcomments&post=12751"}],"version-history":[{"count":13,"href":"https:\/\/2024en.heinrichschulte.de\/index.php?rest_route=\/wp\/v2\/pages\/12751\/revisions"}],"predecessor-version":[{"id":12765,"href":"https:\/\/2024en.heinrichschulte.de\/index.php?rest_route=\/wp\/v2\/pages\/12751\/revisions\/12765"}],"wp:attachment":[{"href":"https:\/\/2024en.heinrichschulte.de\/index.php?rest_route=%2Fwp%2Fv2%2Fmedia&parent=12751"}],"curies":[{"name":"wp","href":"https:\/\/api.w.org\/{rel}","templated":true}]}}