{"id":11789,"date":"2024-05-06T16:50:07","date_gmt":"2024-05-06T16:50:07","guid":{"rendered":"https:\/\/2024en.heinrichschulte.de\/?page_id=11789"},"modified":"2024-05-06T18:49:49","modified_gmt":"2024-05-06T18:49:49","slug":"ausbildung-bei-heinrichschulte","status":"publish","type":"page","link":"https:\/\/2024en.heinrichschulte.de\/?page_id=11789","title":{"rendered":"Ausbildung bei heinrichschulte"},"content":{"rendered":"\t\t<div data-elementor-type=\"wp-page\" data-elementor-id=\"11789\" class=\"elementor elementor-11789\" data-elementor-post-type=\"page\">\n\t\t\t\t<div class=\"elementor-element elementor-element-f24c559 e-flex e-con-boxed e-con e-parent\" data-id=\"f24c559\" data-element_type=\"container\" data-settings=\"{&quot;background_background&quot;:&quot;slideshow&quot;,&quot;jet_parallax_layout_list&quot;:[],&quot;background_slideshow_gallery&quot;:[{&quot;id&quot;:3322,&quot;url&quot;:&quot;https:\\\/\\\/2024en.heinrichschulte.de\\\/wp-content\\\/uploads\\\/grafiken\\\/grafiken-augen\\\/2024_augen_2500px.webp&quot;}],&quot;background_slideshow_loop&quot;:&quot;yes&quot;,&quot;background_slideshow_slide_duration&quot;:5000,&quot;background_slideshow_slide_transition&quot;:&quot;fade&quot;,&quot;background_slideshow_transition_duration&quot;:500}\">\n\t\t\t\t\t<div class=\"e-con-inner\">\n\t\t<div class=\"elementor-element elementor-element-f95e5be e-con-full e-flex e-con e-child\" data-id=\"f95e5be\" data-element_type=\"container\" data-settings=\"{&quot;jet_parallax_layout_list&quot;:[]}\">\n\t\t\t\t<div class=\"elementor-element elementor-element-2615fe2 elementor-widget elementor-widget-image\" data-id=\"2615fe2\" data-element_type=\"widget\" data-widget_type=\"image.default\">\n\t\t\t\t<div class=\"elementor-widget-container\">\n\t\t\t\t\t\t\t\t\t\t\t\t\t\t\t<img fetchpriority=\"high\" decoding=\"async\" width=\"1536\" height=\"556\" src=\"https:\/\/2024en.heinrichschulte.de\/wp-content\/uploads\/bilder\/bilder-ausbildung\/2018_ausbildung-1536x556.jpg\" class=\"attachment-1536x1536 size-1536x1536 wp-image-11792\" alt=\"\" srcset=\"https:\/\/2024en.heinrichschulte.de\/wp-content\/uploads\/bilder\/bilder-ausbildung\/2018_ausbildung-1536x556.jpg 1536w, https:\/\/2024en.heinrichschulte.de\/wp-content\/uploads\/bilder\/bilder-ausbildung\/2018_ausbildung-300x109.jpg 300w, https:\/\/2024en.heinrichschulte.de\/wp-content\/uploads\/bilder\/bilder-ausbildung\/2018_ausbildung-1024x371.jpg 1024w, https:\/\/2024en.heinrichschulte.de\/wp-content\/uploads\/bilder\/bilder-ausbildung\/2018_ausbildung-768x278.jpg 768w, https:\/\/2024en.heinrichschulte.de\/wp-content\/uploads\/bilder\/bilder-ausbildung\/2018_ausbildung-600x217.jpg 600w, https:\/\/2024en.heinrichschulte.de\/wp-content\/uploads\/bilder\/bilder-ausbildung\/2018_ausbildung.jpg 1600w\" sizes=\"(max-width: 1536px) 100vw, 1536px\" \/>\t\t\t\t\t\t\t\t\t\t\t\t\t\t\t<\/div>\n\t\t\t\t<\/div>\n\t\t\t\t<\/div>\n\t\t\t\t\t<\/div>\n\t\t\t\t<\/div>\n\t\t<div class=\"elementor-element elementor-element-d214e27 e-flex e-con-boxed e-con e-parent\" data-id=\"d214e27\" data-element_type=\"container\" data-settings=\"{&quot;jet_parallax_layout_list&quot;:[]}\">\n\t\t\t\t\t<div class=\"e-con-inner\">\n\t\t<div class=\"elementor-element elementor-element-13234c3 e-con-full e-flex elementor-invisible e-con e-child\" data-id=\"13234c3\" data-element_type=\"container\" data-settings=\"{&quot;jet_parallax_layout_list&quot;:[],&quot;animation&quot;:&quot;fadeInRight&quot;}\">\n\t\t\t\t<div class=\"elementor-element elementor-element-a28aaac elementor-widget elementor-widget-heading\" data-id=\"a28aaac\" data-element_type=\"widget\" data-widget_type=\"heading.default\">\n\t\t\t\t<div class=\"elementor-widget-container\">\n\t\t\t\t\t<h2 class=\"elementor-heading-title elementor-size-default\">Ausbildung<\/h2>\t\t\t\t<\/div>\n\t\t\t\t<\/div>\n\t\t\t\t<div class=\"elementor-element elementor-element-d9d044d elementor-widget elementor-widget-text-editor\" data-id=\"d9d044d\" data-element_type=\"widget\" data-widget_type=\"text-editor.default\">\n\t\t\t\t<div class=\"elementor-widget-container\">\n\t\t\t\t\t\t\t\t\t<p>Du bist fertig mit Deiner Schullaufbahn und m\u00f6chtest jetzt so richtig durchstarten?<br \/>Dann werde ein Teil von heinrichschulte!<\/p><p>Wir suchen qualifizierte, teamf\u00e4hige, zuverl\u00e4ssige und motivierte Mitarbeiter, die Spa\u00df daran\u00a0haben, t\u00e4glich an Ihren Aufgaben zu wachsen und offen f\u00fcr Neues sind.<\/p><p>Wir bieten Dir mit einer umfassenden theoretischen und praktischen Ausbildung einen sicheren<br \/>Arbeitsplatz, t\u00e4glich neue Aufgaben und Herausforderungen, Aufstiegs- und\u00a0Weiterbildungsm\u00f6glichkeiten und ein angenehmes Betriebsklima.<\/p><p>Dich erwartet eine solide Grundlage f\u00fcr Deinen Einstieg in das Berufsleben.<br \/>Du f\u00fchlst Dich angesprochen und m\u00f6chtest ein Teil von Uns werden?<\/p><p>Dann bewirb Dich jetzt!<\/p>\t\t\t\t\t\t\t\t<\/div>\n\t\t\t\t<\/div>\n\t\t\t\t<\/div>\n\t\t<div class=\"elementor-element elementor-element-02b366f e-con-full e-flex elementor-invisible e-con e-child\" data-id=\"02b366f\" data-element_type=\"container\" data-settings=\"{&quot;jet_parallax_layout_list&quot;:[],&quot;animation&quot;:&quot;fadeInLeft&quot;}\">\n\t\t\t\t<div class=\"elementor-element elementor-element-ea74086 elementor-widget elementor-widget-heading\" data-id=\"ea74086\" data-element_type=\"widget\" data-widget_type=\"heading.default\">\n\t\t\t\t<div class=\"elementor-widget-container\">\n\t\t\t\t\t<h2 class=\"elementor-heading-title elementor-size-default\">Ansprechpartner<\/h2>\t\t\t\t<\/div>\n\t\t\t\t<\/div>\n\t\t\t\t<div class=\"elementor-element elementor-element-50821b7 elementor-widget elementor-widget-text-editor\" data-id=\"50821b7\" data-element_type=\"widget\" data-widget_type=\"text-editor.default\">\n\t\t\t\t<div class=\"elementor-widget-container\">\n\t\t\t\t\t\t\t\t\t<p>Heinrich Schulte GmbH &amp; Co.KG<\/p><p>Personalabteilung<br \/>Gr\u00fcnlandweg 11<br \/>58640 Iserlohn<\/p><p>Telefon: 02371 90 90 \u2013 0<br \/>Fax: 02371 90 90 \u2013 98<\/p><p>Email: gf@heinrichschulte.com<\/p>\t\t\t\t\t\t\t\t<\/div>\n\t\t\t\t<\/div>\n\t\t\t\t<\/div>\n\t\t\t\t\t<\/div>\n\t\t\t\t<\/div>\n\t\t<div class=\"elementor-element elementor-element-b4ae366 e-flex e-con-boxed e-con e-parent\" data-id=\"b4ae366\" data-element_type=\"container\" data-settings=\"{&quot;jet_parallax_layout_list&quot;:[]}\">\n\t\t\t\t\t<div class=\"e-con-inner\">\n\t\t\t\t<div class=\"elementor-element elementor-element-e5d86ca elementor-widget-divider--view-line_text elementor-widget-divider--element-align-center elementor-invisible elementor-widget elementor-widget-divider\" data-id=\"e5d86ca\" data-element_type=\"widget\" data-settings=\"{&quot;_animation&quot;:&quot;fadeInLeft&quot;}\" data-widget_type=\"divider.default\">\n\t\t\t\t<div class=\"elementor-widget-container\">\n\t\t\t\t\t\t\t<div class=\"elementor-divider\">\n\t\t\t<span class=\"elementor-divider-separator\">\n\t\t\t\t\t\t\t<span class=\"elementor-divider__text elementor-divider__element\">\n\t\t\t\tWIR BILDEN AUS\t\t\t\t<\/span>\n\t\t\t\t\t\t<\/span>\n\t\t<\/div>\n\t\t\t\t\t\t<\/div>\n\t\t\t\t<\/div>\n\t\t\t\t\t<\/div>\n\t\t\t\t<\/div>\n\t\t<div class=\"elementor-element elementor-element-bd7fc71 e-flex e-con-boxed e-con e-parent\" data-id=\"bd7fc71\" data-element_type=\"container\" data-settings=\"{&quot;jet_parallax_layout_list&quot;:[]}\">\n\t\t\t\t\t<div class=\"e-con-inner\">\n\t\t<div class=\"elementor-element elementor-element-d3a711b e-flex e-con-boxed elementor-invisible e-con e-child\" data-id=\"d3a711b\" data-element_type=\"container\" data-settings=\"{&quot;jet_parallax_layout_list&quot;:[],&quot;animation&quot;:&quot;fadeInUp&quot;}\">\n\t\t\t\t\t<div class=\"e-con-inner\">\n\t\t\t\t<div class=\"elementor-element elementor-element-4690248 elementor-widget elementor-widget-heading\" data-id=\"4690248\" data-element_type=\"widget\" data-widget_type=\"heading.default\">\n\t\t\t\t<div class=\"elementor-widget-container\">\n\t\t\t\t\t<h2 class=\"elementor-heading-title elementor-size-default\"><a href=\"https:\/\/2024en.heinrichschulte.de\/?page_id=11818\">Oberfl\u00e4chenbeschichter (m\/w\/d)<\/a><\/h2>\t\t\t\t<\/div>\n\t\t\t\t<\/div>\n\t\t\t\t\t<\/div>\n\t\t\t\t<\/div>\n\t\t<div class=\"elementor-element elementor-element-2a8f153 e-flex e-con-boxed elementor-invisible e-con e-child\" data-id=\"2a8f153\" data-element_type=\"container\" data-settings=\"{&quot;jet_parallax_layout_list&quot;:[],&quot;animation&quot;:&quot;fadeInUp&quot;,&quot;animation_delay&quot;:100}\">\n\t\t\t\t\t<div class=\"e-con-inner\">\n\t\t\t\t<div class=\"elementor-element elementor-element-813c6cb elementor-widget elementor-widget-heading\" data-id=\"813c6cb\" data-element_type=\"widget\" data-widget_type=\"heading.default\">\n\t\t\t\t<div class=\"elementor-widget-container\">\n\t\t\t\t\t<h2 class=\"elementor-heading-title elementor-size-default\"><a href=\"https:\/\/2024en.heinrichschulte.de\/?page_id=11835\">Gie\u00dfereimechaniker<br \/> (m\/w\/d)<\/a><\/h2>\t\t\t\t<\/div>\n\t\t\t\t<\/div>\n\t\t\t\t\t<\/div>\n\t\t\t\t<\/div>\n\t\t<div class=\"elementor-element elementor-element-299093a e-flex e-con-boxed elementor-invisible e-con e-child\" data-id=\"299093a\" data-element_type=\"container\" data-settings=\"{&quot;jet_parallax_layout_list&quot;:[],&quot;animation&quot;:&quot;fadeInUp&quot;,&quot;animation_delay&quot;:200}\">\n\t\t\t\t\t<div class=\"e-con-inner\">\n\t\t\t\t<div class=\"elementor-element elementor-element-bce05d0 elementor-widget elementor-widget-heading\" data-id=\"bce05d0\" data-element_type=\"widget\" data-widget_type=\"heading.default\">\n\t\t\t\t<div class=\"elementor-widget-container\">\n\t\t\t\t\t<h2 class=\"elementor-heading-title elementor-size-default\"><a href=\"https:\/\/2024en.heinrichschulte.de\/?page_id=11837\">Werkzeugmechaniker <br \/>(m\/w\/d)<\/a><\/h2>\t\t\t\t<\/div>\n\t\t\t\t<\/div>\n\t\t\t\t\t<\/div>\n\t\t\t\t<\/div>\n\t\t<div class=\"elementor-element elementor-element-fb48c56 e-flex e-con-boxed elementor-invisible e-con e-child\" data-id=\"fb48c56\" data-element_type=\"container\" data-settings=\"{&quot;jet_parallax_layout_list&quot;:[],&quot;animation&quot;:&quot;fadeInUp&quot;,&quot;animation_delay&quot;:300}\">\n\t\t\t\t\t<div class=\"e-con-inner\">\n\t\t\t\t<div class=\"elementor-element elementor-element-4fb56e7 elementor-widget elementor-widget-heading\" data-id=\"4fb56e7\" data-element_type=\"widget\" data-widget_type=\"heading.default\">\n\t\t\t\t<div class=\"elementor-widget-container\">\n\t\t\t\t\t<h2 class=\"elementor-heading-title elementor-size-default\"><a href=\"https:\/\/2024en.heinrichschulte.de\/?page_id=11839\">Technischer Produktdesigner (m\/w\/d)<\/a><\/h2>\t\t\t\t<\/div>\n\t\t\t\t<\/div>\n\t\t\t\t\t<\/div>\n\t\t\t\t<\/div>\n\t\t\t\t\t<\/div>\n\t\t\t\t<\/div>\n\t\t\t\t<\/div>\n\t\t","protected":false},"excerpt":{"rendered":"<p>Du bist fertig mit Deiner Schullaufbahn und m\u00f6chtest jetzt so richtig durchstarten?<br \/>\nDann werde ein Teil von heinrichschulte!<\/p>\n","protected":false},"author":1,"featured_media":0,"parent":0,"menu_order":0,"comment_status":"closed","ping_status":"closed","template":"","meta":{"footnotes":""},"class_list":["post-11789","page","type-page","status-publish","hentry"],"aioseo_notices":[],"_links":{"self":[{"href":"https:\/\/2024en.heinrichschulte.de\/index.php?rest_route=\/wp\/v2\/pages\/11789","targetHints":{"allow":["GET"]}}],"collection":[{"href":"https:\/\/2024en.heinrichschulte.de\/index.php?rest_route=\/wp\/v2\/pages"}],"about":[{"href":"https:\/\/2024en.heinrichschulte.de\/index.php?rest_route=\/wp\/v2\/types\/page"}],"author":[{"embeddable":true,"href":"https:\/\/2024en.heinrichschulte.de\/index.php?rest_route=\/wp\/v2\/users\/1"}],"replies":[{"embeddable":true,"href":"https:\/\/2024en.heinrichschulte.de\/index.php?rest_route=%2Fwp%2Fv2%2Fcomments&post=11789"}],"version-history":[{"count":22,"href":"https:\/\/2024en.heinrichschulte.de\/index.php?rest_route=\/wp\/v2\/pages\/11789\/revisions"}],"predecessor-version":[{"id":11846,"href":"https:\/\/2024en.heinrichschulte.de\/index.php?rest_route=\/wp\/v2\/pages\/11789\/revisions\/11846"}],"wp:attachment":[{"href":"https:\/\/2024en.heinrichschulte.de\/index.php?rest_route=%2Fwp%2Fv2%2Fmedia&parent=11789"}],"curies":[{"name":"wp","href":"https:\/\/api.w.org\/{rel}","templated":true}]}}